{"id":228672,"date":"2022-10-21T07:23:25","date_gmt":"2022-10-21T07:23:25","guid":{"rendered":"https:\/\/ksi-basketballcamp.com\/maintenance-page\/"},"modified":"2022-10-21T07:29:22","modified_gmt":"2022-10-21T07:29:22","slug":"maintenance-page","status":"publish","type":"page","link":"https:\/\/ksi-basketballcamp.com\/en\/maintenance-page\/","title":{"rendered":"Maintenance Page"},"content":{"rendered":"<div id=\"wp-block-themeisle-blocks-advanced-columns-bf315cc5\" class=\"wp-block-themeisle-blocks-advanced-columns alignfull has-1-columns has-desktop-equal-layout has-tablet-equal-layout has-mobile-equal-layout has-vertical-center\"><div class=\"wp-block-themeisle-blocks-advanced-columns-overlay\"><\/div><div class=\"innerblocks-wrap\"><div id=\"wp-block-themeisle-blocks-advanced-column-7b61437b\" class=\"wp-block-themeisle-blocks-advanced-column\"><div class=\"wp-block-group has-white-color has-text-color is-layout-flow wp-block-group-is-layout-flow\"><h1 id=\"wp-block-themeisle-blocks-advanced-heading-81277ea5\" class=\"wp-block-themeisle-blocks-advanced-heading wp-block-themeisle-blocks-advanced-heading-81277ea5\">Webseite in Bearbeitung<\/h1>\n\n<div style=\"height:40px\" aria-hidden=\"true\" class=\"wp-block-spacer\"><\/div>\n\n<p id=\"wp-block-themeisle-blocks-advanced-heading-a458b450\" class=\"wp-block-themeisle-blocks-advanced-heading wp-block-themeisle-blocks-advanced-heading-a458b450\">Wir f\u00fchren einige Aktualisierungen an unserer Website durch und m\u00fcssen f\u00fcr eine Weile offline sein. Wir werden in K\u00fcrze wieder f\u00fcr Sie da sein! In der Zwischenzeit, folgen Sie uns auf Instagram.<\/p>\n\n<div style=\"height:40px\" aria-hidden=\"true\" class=\"wp-block-spacer\"><\/div>\n\n<ul class=\"wp-block-social-links has-large-icon-size has-icon-color is-style-logos-only animated bounce delay-1s is-content-justification-center is-layout-flex wp-container-core-social-links-is-layout-1 wp-block-social-links-is-layout-flex\"><li style=\"color: #ffffff; \" class=\"wp-social-link wp-social-link-instagram has-white-color wp-block-social-link\"><a rel=\"noopener nofollow\" target=\"_blank\" href=\"https:\/\/www.instagram.com\/ksi.basketballcamp\/\" class=\"wp-block-social-link-anchor\"><svg width=\"24\" height=\"24\" viewbox=\"0 0 24 24\" version=\"1.1\" xmlns=\"http:\/\/www.w3.org\/2000\/svg\" aria-hidden=\"true\" focusable=\"false\"><path d=\"M12,4.622c2.403,0,2.688,0.009,3.637,0.052c0.877,0.04,1.354,0.187,1.671,0.31c0.42,0.163,0.72,0.358,1.035,0.673 c0.315,0.315,0.51,0.615,0.673,1.035c0.123,0.317,0.27,0.794,0.31,1.671c0.043,0.949,0.052,1.234,0.052,3.637 s-0.009,2.688-0.052,3.637c-0.04,0.877-0.187,1.354-0.31,1.671c-0.163,0.42-0.358,0.72-0.673,1.035 c-0.315,0.315-0.615,0.51-1.035,0.673c-0.317,0.123-0.794,0.27-1.671,0.31c-0.949,0.043-1.233,0.052-3.637,0.052 s-2.688-0.009-3.637-0.052c-0.877-0.04-1.354-0.187-1.671-0.31c-0.42-0.163-0.72-0.358-1.035-0.673 c-0.315-0.315-0.51-0.615-0.673-1.035c-0.123-0.317-0.27-0.794-0.31-1.671C4.631,14.688,4.622,14.403,4.622,12 s0.009-2.688,0.052-3.637c0.04-0.877,0.187-1.354,0.31-1.671c0.163-0.42,0.358-0.72,0.673-1.035 c0.315-0.315,0.615-0.51,1.035-0.673c0.317-0.123,0.794-0.27,1.671-0.31C9.312,4.631,9.597,4.622,12,4.622 M12,3 C9.556,3,9.249,3.01,8.289,3.054C7.331,3.098,6.677,3.25,6.105,3.472C5.513,3.702,5.011,4.01,4.511,4.511 c-0.5,0.5-0.808,1.002-1.038,1.594C3.25,6.677,3.098,7.331,3.054,8.289C3.01,9.249,3,9.556,3,12c0,2.444,0.01,2.751,0.054,3.711 c0.044,0.958,0.196,1.612,0.418,2.185c0.23,0.592,0.538,1.094,1.038,1.594c0.5,0.5,1.002,0.808,1.594,1.038 c0.572,0.222,1.227,0.375,2.185,0.418C9.249,20.99,9.556,21,12,21s2.751-0.01,3.711-0.054c0.958-0.044,1.612-0.196,2.185-0.418 c0.592-0.23,1.094-0.538,1.594-1.038c0.5-0.5,0.808-1.002,1.038-1.594c0.222-0.572,0.375-1.227,0.418-2.185 C20.99,14.751,21,14.444,21,12s-0.01-2.751-0.054-3.711c-0.044-0.958-0.196-1.612-0.418-2.185c-0.23-0.592-0.538-1.094-1.038-1.594 c-0.5-0.5-1.002-0.808-1.594-1.038c-0.572-0.222-1.227-0.375-2.185-0.418C14.751,3.01,14.444,3,12,3L12,3z M12,7.378 c-2.552,0-4.622,2.069-4.622,4.622S9.448,16.622,12,16.622s4.622-2.069,4.622-4.622S14.552,7.378,12,7.378z M12,15 c-1.657,0-3-1.343-3-3s1.343-3,3-3s3,1.343,3,3S13.657,15,12,15z M16.804,6.116c-0.596,0-1.08,0.484-1.08,1.08 s0.484,1.08,1.08,1.08c0.596,0,1.08-0.484,1.08-1.08S17.401,6.116,16.804,6.116z\"><\/path><\/svg><span class=\"wp-block-social-link-label screen-reader-text\">Instagram<\/span><\/a><\/li><\/ul><\/div><\/div><\/div><\/div>","protected":false},"excerpt":{"rendered":"","protected":false},"author":1,"featured_media":0,"parent":0,"menu_order":0,"comment_status":"closed","ping_status":"closed","template":"templates\/wpmm-page-template.php","meta":{"_et_pb_use_builder":"","_et_pb_old_content":"","_et_gb_content_width":"","footnotes":""},"yoast_head":"<!-- This site is optimized with the Yoast SEO plugin v23.8 - https:\/\/yoast.com\/wordpress\/plugins\/seo\/ -->\n<title>Maintenance Page | KSI Basketball Camp |<\/title>\n<meta name=\"robots\" content=\"index, follow, max-snippet:-1, max-image-preview:large, max-video-preview:-1\" \/>\n<link rel=\"canonical\" href=\"https:\/\/ksi-basketballcamp.com\/en\/maintenance-page\/\" \/>\n<meta property=\"og:locale\" content=\"en_US\" \/>\n<meta property=\"og:type\" content=\"article\" \/>\n<meta property=\"og:title\" content=\"Maintenance Page | KSI Basketball Camp |\" \/>\n<meta property=\"og:url\" content=\"https:\/\/ksi-basketballcamp.com\/en\/maintenance-page\/\" \/>\n<meta property=\"og:site_name\" content=\"KSI Basketball Camp\" \/>\n<meta property=\"article:publisher\" content=\"https:\/\/www.facebook.com\/KSI-Basketball-Camp-100175518941731\" \/>\n<meta property=\"article:modified_time\" content=\"2022-10-21T07:29:22+00:00\" \/>\n<meta name=\"twitter:card\" content=\"summary_large_image\" \/>\n<meta name=\"twitter:label1\" content=\"Est. reading time\" \/>\n\t<meta name=\"twitter:data1\" content=\"1 minute\" \/>\n<script type=\"application\/ld+json\" class=\"yoast-schema-graph\">{\"@context\":\"https:\/\/schema.org\",\"@graph\":[{\"@type\":\"WebPage\",\"@id\":\"https:\/\/ksi-basketballcamp.com\/maintenance-page\/\",\"url\":\"https:\/\/ksi-basketballcamp.com\/maintenance-page\/\",\"name\":\"Maintenance Page | KSI Basketball Camp |\",\"isPartOf\":{\"@id\":\"https:\/\/ksi-basketballcamp.com\/#website\"},\"datePublished\":\"2022-10-21T07:23:25+00:00\",\"dateModified\":\"2022-10-21T07:29:22+00:00\",\"breadcrumb\":{\"@id\":\"https:\/\/ksi-basketballcamp.com\/maintenance-page\/#breadcrumb\"},\"inLanguage\":\"en-US\",\"potentialAction\":[{\"@type\":\"ReadAction\",\"target\":[\"https:\/\/ksi-basketballcamp.com\/maintenance-page\/\"]}]},{\"@type\":\"BreadcrumbList\",\"@id\":\"https:\/\/ksi-basketballcamp.com\/maintenance-page\/#breadcrumb\",\"itemListElement\":[{\"@type\":\"ListItem\",\"position\":1,\"name\":\"Home\",\"item\":\"https:\/\/ksi-basketballcamp.com\/\"},{\"@type\":\"ListItem\",\"position\":2,\"name\":\"Maintenance Page\"}]},{\"@type\":\"WebSite\",\"@id\":\"https:\/\/ksi-basketballcamp.com\/#website\",\"url\":\"https:\/\/ksi-basketballcamp.com\/\",\"name\":\"KSI Basketball Camp\",\"description\":\"Das Gr\u00f6sste Basketball Camp in Bern!\",\"publisher\":{\"@id\":\"https:\/\/ksi-basketballcamp.com\/#organization\"},\"potentialAction\":[{\"@type\":\"SearchAction\",\"target\":{\"@type\":\"EntryPoint\",\"urlTemplate\":\"https:\/\/ksi-basketballcamp.com\/?s={search_term_string}\"},\"query-input\":{\"@type\":\"PropertyValueSpecification\",\"valueRequired\":true,\"valueName\":\"search_term_string\"}}],\"inLanguage\":\"en-US\"},{\"@type\":\"Organization\",\"@id\":\"https:\/\/ksi-basketballcamp.com\/#organization\",\"name\":\"KSI Basketball Camp\",\"url\":\"https:\/\/ksi-basketballcamp.com\/\",\"logo\":{\"@type\":\"ImageObject\",\"inLanguage\":\"en-US\",\"@id\":\"https:\/\/ksi-basketballcamp.com\/#\/schema\/logo\/image\/\",\"url\":\"https:\/\/ksi-basketballcamp.com\/wp-content\/uploads\/2022\/01\/cropped-KSI-Logo-Finales-Logo-min-square.png\",\"contentUrl\":\"https:\/\/ksi-basketballcamp.com\/wp-content\/uploads\/2022\/01\/cropped-KSI-Logo-Finales-Logo-min-square.png\",\"width\":512,\"height\":512,\"caption\":\"KSI Basketball Camp\"},\"image\":{\"@id\":\"https:\/\/ksi-basketballcamp.com\/#\/schema\/logo\/image\/\"},\"sameAs\":[\"https:\/\/www.facebook.com\/KSI-Basketball-Camp-100175518941731\",\"https:\/\/www.instagram.com\/ksi.basketballcamp\/\"]}]}<\/script>\n<!-- \/ Yoast SEO plugin. -->","yoast_head_json":{"title":"Maintenance Page | KSI Basketball Camp |","robots":{"index":"index","follow":"follow","max-snippet":"max-snippet:-1","max-image-preview":"max-image-preview:large","max-video-preview":"max-video-preview:-1"},"canonical":"https:\/\/ksi-basketballcamp.com\/en\/maintenance-page\/","og_locale":"en_US","og_type":"article","og_title":"Maintenance Page | KSI Basketball Camp |","og_url":"https:\/\/ksi-basketballcamp.com\/en\/maintenance-page\/","og_site_name":"KSI Basketball Camp","article_publisher":"https:\/\/www.facebook.com\/KSI-Basketball-Camp-100175518941731","article_modified_time":"2022-10-21T07:29:22+00:00","twitter_card":"summary_large_image","twitter_misc":{"Est. reading time":"1 minute"},"schema":{"@context":"https:\/\/schema.org","@graph":[{"@type":"WebPage","@id":"https:\/\/ksi-basketballcamp.com\/maintenance-page\/","url":"https:\/\/ksi-basketballcamp.com\/maintenance-page\/","name":"Maintenance Page | KSI Basketball Camp |","isPartOf":{"@id":"https:\/\/ksi-basketballcamp.com\/#website"},"datePublished":"2022-10-21T07:23:25+00:00","dateModified":"2022-10-21T07:29:22+00:00","breadcrumb":{"@id":"https:\/\/ksi-basketballcamp.com\/maintenance-page\/#breadcrumb"},"inLanguage":"en-US","potentialAction":[{"@type":"ReadAction","target":["https:\/\/ksi-basketballcamp.com\/maintenance-page\/"]}]},{"@type":"BreadcrumbList","@id":"https:\/\/ksi-basketballcamp.com\/maintenance-page\/#breadcrumb","itemListElement":[{"@type":"ListItem","position":1,"name":"Home","item":"https:\/\/ksi-basketballcamp.com\/"},{"@type":"ListItem","position":2,"name":"Maintenance Page"}]},{"@type":"WebSite","@id":"https:\/\/ksi-basketballcamp.com\/#website","url":"https:\/\/ksi-basketballcamp.com\/","name":"KSI Basketball Camp","description":"Das Gr\u00f6sste Basketball Camp in Bern!","publisher":{"@id":"https:\/\/ksi-basketballcamp.com\/#organization"},"potentialAction":[{"@type":"SearchAction","target":{"@type":"EntryPoint","urlTemplate":"https:\/\/ksi-basketballcamp.com\/?s={search_term_string}"},"query-input":{"@type":"PropertyValueSpecification","valueRequired":true,"valueName":"search_term_string"}}],"inLanguage":"en-US"},{"@type":"Organization","@id":"https:\/\/ksi-basketballcamp.com\/#organization","name":"KSI Basketball Camp","url":"https:\/\/ksi-basketballcamp.com\/","logo":{"@type":"ImageObject","inLanguage":"en-US","@id":"https:\/\/ksi-basketballcamp.com\/#\/schema\/logo\/image\/","url":"https:\/\/ksi-basketballcamp.com\/wp-content\/uploads\/2022\/01\/cropped-KSI-Logo-Finales-Logo-min-square.png","contentUrl":"https:\/\/ksi-basketballcamp.com\/wp-content\/uploads\/2022\/01\/cropped-KSI-Logo-Finales-Logo-min-square.png","width":512,"height":512,"caption":"KSI Basketball Camp"},"image":{"@id":"https:\/\/ksi-basketballcamp.com\/#\/schema\/logo\/image\/"},"sameAs":["https:\/\/www.facebook.com\/KSI-Basketball-Camp-100175518941731","https:\/\/www.instagram.com\/ksi.basketballcamp\/"]}]}},"_links":{"self":[{"href":"https:\/\/ksi-basketballcamp.com\/en\/wp-json\/wp\/v2\/pages\/228672"}],"collection":[{"href":"https:\/\/ksi-basketballcamp.com\/en\/wp-json\/wp\/v2\/pages"}],"about":[{"href":"https:\/\/ksi-basketballcamp.com\/en\/wp-json\/wp\/v2\/types\/page"}],"author":[{"embeddable":true,"href":"https:\/\/ksi-basketballcamp.com\/en\/wp-json\/wp\/v2\/users\/1"}],"replies":[{"embeddable":true,"href":"https:\/\/ksi-basketballcamp.com\/en\/wp-json\/wp\/v2\/comments?post=228672"}],"version-history":[{"count":0,"href":"https:\/\/ksi-basketballcamp.com\/en\/wp-json\/wp\/v2\/pages\/228672\/revisions"}],"wp:attachment":[{"href":"https:\/\/ksi-basketballcamp.com\/en\/wp-json\/wp\/v2\/media?parent=228672"}],"curies":[{"name":"wp","href":"https:\/\/api.w.org\/{rel}","templated":true}]}}